{"id":699,"date":"2016-11-28T22:44:39","date_gmt":"2016-11-28T20:44:39","guid":{"rendered":"http:\/\/www.friseurstudio-raupp.de\/wp\/?page_id=699"},"modified":"2016-11-28T22:44:39","modified_gmt":"2016-11-28T20:44:39","slug":"beauty-abende","status":"publish","type":"page","link":"http:\/\/www.friseurstudio-raupp.de\/wp\/?page_id=699","title":{"rendered":"Beauty Abende"},"content":{"rendered":"<p>An drei Abenden haben wir unsere Kundinnen zu einem Beauty Abend eingeladen.<br \/>\nDas Thema rund ums Tages Make-up wurde mit viel Interesse beobachtet.<\/p>\n<p>An einem Modell zeigten wir ein komplettes Make-up und durch Hilfe kleiner Tricks und Kniffe war es leicht nachzuarbeiten.<\/p>\n<p>Danach schwingten Sie selbst die Pinsel. Bei einem Glas Prosecco und kleinen H\u00e4ppchen lie\u00dfen wir diese tollen Abende ausklingen. Es waren gelungene Abende die unseren Kunden und uns super viel Spa\u00df gemacht haben.<\/p>\n<p>Diese Abende werden wir auf jeden Fall wiederholen.<\/p>\n<p style=\"text-align: center;\"><a href=\"http:\/\/www.friseurstudio-raupp.de\/wp\/wp-content\/uploads\/2016\/11\/pic_0036.jpg\" rel=\"lightbox[699]\"><img loading=\"lazy\" decoding=\"async\" class=\"aligncenter size-medium wp-image-675\" src=\"http:\/\/www.friseurstudio-raupp.de\/wp\/wp-content\/uploads\/2016\/11\/pic_0036-300x225.jpg\" alt=\"\" width=\"300\" height=\"225\" srcset=\"http:\/\/www.friseurstudio-raupp.de\/wp\/wp-content\/uploads\/2016\/11\/pic_0036-300x225.jpg 300w, http:\/\/www.friseurstudio-raupp.de\/wp\/wp-content\/uploads\/2016\/11\/pic_0036.jpg 800w\" sizes=\"auto, (max-width: 300px) 100vw, 300px\" \/><\/a><\/p>\n<p style=\"text-align: center;\"><a href=\"http:\/\/www.friseurstudio-raupp.de\/wp\/wp-content\/uploads\/2016\/11\/pic_0038.jpg\" rel=\"lightbox[699]\"><img loading=\"lazy\" decoding=\"async\" class=\"aligncenter size-medium wp-image-676\" src=\"http:\/\/www.friseurstudio-raupp.de\/wp\/wp-content\/uploads\/2016\/11\/pic_0038-225x300.jpg\" alt=\"\" width=\"225\" height=\"300\" srcset=\"http:\/\/www.friseurstudio-raupp.de\/wp\/wp-content\/uploads\/2016\/11\/pic_0038-225x300.jpg 225w, http:\/\/www.friseurstudio-raupp.de\/wp\/wp-content\/uploads\/2016\/11\/pic_0038.jpg 600w\" sizes=\"auto, (max-width: 225px) 100vw, 225px\" \/><\/a><\/p>\n<p style=\"text-align: center;\"><a href=\"http:\/\/www.friseurstudio-raupp.de\/wp\/wp-content\/uploads\/2016\/11\/pic_0039.jpg\" rel=\"lightbox[699]\"><img loading=\"lazy\" decoding=\"async\" class=\"aligncenter size-medium wp-image-677\" src=\"http:\/\/www.friseurstudio-raupp.de\/wp\/wp-content\/uploads\/2016\/11\/pic_0039-225x300.jpg\" alt=\"\" width=\"225\" height=\"300\" srcset=\"http:\/\/www.friseurstudio-raupp.de\/wp\/wp-content\/uploads\/2016\/11\/pic_0039-225x300.jpg 225w, http:\/\/www.friseurstudio-raupp.de\/wp\/wp-content\/uploads\/2016\/11\/pic_0039.jpg 600w\" sizes=\"auto, (max-width: 225px) 100vw, 225px\" \/><\/a><\/p>\n<p style=\"text-align: center;\"><a href=\"http:\/\/www.friseurstudio-raupp.de\/wp\/wp-content\/uploads\/2016\/11\/pic_0042.jpg\" rel=\"lightbox[699]\"><img loading=\"lazy\" decoding=\"async\" class=\"aligncenter size-medium wp-image-678\" src=\"http:\/\/www.friseurstudio-raupp.de\/wp\/wp-content\/uploads\/2016\/11\/pic_0042-300x225.jpg\" alt=\"\" width=\"300\" height=\"225\" srcset=\"http:\/\/www.friseurstudio-raupp.de\/wp\/wp-content\/uploads\/2016\/11\/pic_0042-300x225.jpg 300w, http:\/\/www.friseurstudio-raupp.de\/wp\/wp-content\/uploads\/2016\/11\/pic_0042.jpg 800w\" sizes=\"auto, (max-width: 300px) 100vw, 300px\" \/><\/a><\/p>\n<p style=\"text-align: center;\"><a href=\"http:\/\/www.friseurstudio-raupp.de\/wp\/wp-content\/uploads\/2016\/11\/pic_0043.jpg\" rel=\"lightbox[699]\"><img loading=\"lazy\" decoding=\"async\" class=\"aligncenter size-medium wp-image-679\" src=\"http:\/\/www.friseurstudio-raupp.de\/wp\/wp-content\/uploads\/2016\/11\/pic_0043-300x225.jpg\" alt=\"\" width=\"300\" height=\"225\" srcset=\"http:\/\/www.friseurstudio-raupp.de\/wp\/wp-content\/uploads\/2016\/11\/pic_0043-300x225.jpg 300w, http:\/\/www.friseurstudio-raupp.de\/wp\/wp-content\/uploads\/2016\/11\/pic_0043.jpg 800w\" sizes=\"auto, (max-width: 300px) 100vw, 300px\" \/><\/a><\/p>\n<p style=\"text-align: center;\"><a href=\"http:\/\/www.friseurstudio-raupp.de\/wp\/wp-content\/uploads\/2016\/11\/pic_0044.jpg\" rel=\"lightbox[699]\"><img loading=\"lazy\" decoding=\"async\" class=\"aligncenter size-medium wp-image-680\" src=\"http:\/\/www.friseurstudio-raupp.de\/wp\/wp-content\/uploads\/2016\/11\/pic_0044-225x300.jpg\" alt=\"\" width=\"225\" height=\"300\" srcset=\"http:\/\/www.friseurstudio-raupp.de\/wp\/wp-content\/uploads\/2016\/11\/pic_0044-225x300.jpg 225w, http:\/\/www.friseurstudio-raupp.de\/wp\/wp-content\/uploads\/2016\/11\/pic_0044.jpg 600w\" sizes=\"auto, (max-width: 225px) 100vw, 225px\" \/><\/a><\/p>\n<p style=\"text-align: center;\"><a href=\"http:\/\/www.friseurstudio-raupp.de\/wp\/wp-content\/uploads\/2016\/11\/pic_0046.jpg\" rel=\"lightbox[699]\"><img loading=\"lazy\" decoding=\"async\" class=\"aligncenter size-medium wp-image-681\" src=\"http:\/\/www.friseurstudio-raupp.de\/wp\/wp-content\/uploads\/2016\/11\/pic_0046-225x300.jpg\" alt=\"\" width=\"225\" height=\"300\" srcset=\"http:\/\/www.friseurstudio-raupp.de\/wp\/wp-content\/uploads\/2016\/11\/pic_0046-225x300.jpg 225w, http:\/\/www.friseurstudio-raupp.de\/wp\/wp-content\/uploads\/2016\/11\/pic_0046.jpg 600w\" sizes=\"auto, (max-width: 225px) 100vw, 225px\" \/><\/a><\/p>\n<p style=\"text-align: center;\"><a href=\"http:\/\/www.friseurstudio-raupp.de\/wp\/wp-content\/uploads\/2016\/11\/pic_0048.jpg\" rel=\"lightbox[699]\"><img loading=\"lazy\" decoding=\"async\" class=\"aligncenter size-medium wp-image-682\" src=\"http:\/\/www.friseurstudio-raupp.de\/wp\/wp-content\/uploads\/2016\/11\/pic_0048-225x300.jpg\" alt=\"\" width=\"225\" height=\"300\" srcset=\"http:\/\/www.friseurstudio-raupp.de\/wp\/wp-content\/uploads\/2016\/11\/pic_0048-225x300.jpg 225w, http:\/\/www.friseurstudio-raupp.de\/wp\/wp-content\/uploads\/2016\/11\/pic_0048.jpg 600w\" sizes=\"auto, (max-width: 225px) 100vw, 225px\" \/><\/a><\/p>\n<p style=\"text-align: center;\"><a href=\"http:\/\/www.friseurstudio-raupp.de\/wp\/wp-content\/uploads\/2016\/11\/pic_0049.jpg\" rel=\"lightbox[699]\"><img loading=\"lazy\" decoding=\"async\" class=\"aligncenter size-medium wp-image-683\" src=\"http:\/\/www.friseurstudio-raupp.de\/wp\/wp-content\/uploads\/2016\/11\/pic_0049-225x300.jpg\" alt=\"\" width=\"225\" height=\"300\" srcset=\"http:\/\/www.friseurstudio-raupp.de\/wp\/wp-content\/uploads\/2016\/11\/pic_0049-225x300.jpg 225w, http:\/\/www.friseurstudio-raupp.de\/wp\/wp-content\/uploads\/2016\/11\/pic_0049.jpg 600w\" sizes=\"auto, (max-width: 225px) 100vw, 225px\" \/><\/a><\/p>\n<p style=\"text-align: center;\"><a href=\"http:\/\/www.friseurstudio-raupp.de\/wp\/wp-content\/uploads\/2016\/11\/pic_0051.jpg\" rel=\"lightbox[699]\"><img loading=\"lazy\" decoding=\"async\" class=\"aligncenter size-medium wp-image-684\" src=\"http:\/\/www.friseurstudio-raupp.de\/wp\/wp-content\/uploads\/2016\/11\/pic_0051-300x225.jpg\" alt=\"\" width=\"300\" height=\"225\" srcset=\"http:\/\/www.friseurstudio-raupp.de\/wp\/wp-content\/uploads\/2016\/11\/pic_0051-300x225.jpg 300w, http:\/\/www.friseurstudio-raupp.de\/wp\/wp-content\/uploads\/2016\/11\/pic_0051.jpg 800w\" sizes=\"auto, (max-width: 300px) 100vw, 300px\" \/><\/a><\/p>\n<p style=\"text-align: center;\"><a href=\"http:\/\/www.friseurstudio-raupp.de\/wp\/wp-content\/uploads\/2016\/11\/pic_0087.jpg\" rel=\"lightbox[699]\"><img loading=\"lazy\" decoding=\"async\" class=\"aligncenter size-medium wp-image-685\" src=\"http:\/\/www.friseurstudio-raupp.de\/wp\/wp-content\/uploads\/2016\/11\/pic_0087-300x225.jpg\" alt=\"\" width=\"300\" height=\"225\" srcset=\"http:\/\/www.friseurstudio-raupp.de\/wp\/wp-content\/uploads\/2016\/11\/pic_0087-300x225.jpg 300w, http:\/\/www.friseurstudio-raupp.de\/wp\/wp-content\/uploads\/2016\/11\/pic_0087.jpg 800w\" sizes=\"auto, (max-width: 300px) 100vw, 300px\" \/><\/a><\/p>\n<p style=\"text-align: center;\"><a href=\"http:\/\/www.friseurstudio-raupp.de\/wp\/wp-content\/uploads\/2016\/11\/pic_0089.jpg\" rel=\"lightbox[699]\"><img loading=\"lazy\" decoding=\"async\" class=\"aligncenter size-medium wp-image-686\" src=\"http:\/\/www.friseurstudio-raupp.de\/wp\/wp-content\/uploads\/2016\/11\/pic_0089-300x225.jpg\" alt=\"\" width=\"300\" height=\"225\" srcset=\"http:\/\/www.friseurstudio-raupp.de\/wp\/wp-content\/uploads\/2016\/11\/pic_0089-300x225.jpg 300w, http:\/\/www.friseurstudio-raupp.de\/wp\/wp-content\/uploads\/2016\/11\/pic_0089.jpg 800w\" sizes=\"auto, (max-width: 300px) 100vw, 300px\" \/><\/a><\/p>\n<p style=\"text-align: center;\"><a href=\"http:\/\/www.friseurstudio-raupp.de\/wp\/wp-content\/uploads\/2016\/11\/pic_0094.jpg\" rel=\"lightbox[699]\"><img loading=\"lazy\" decoding=\"async\" class=\"aligncenter size-medium wp-image-687\" src=\"http:\/\/www.friseurstudio-raupp.de\/wp\/wp-content\/uploads\/2016\/11\/pic_0094-300x225.jpg\" alt=\"\" width=\"300\" height=\"225\" srcset=\"http:\/\/www.friseurstudio-raupp.de\/wp\/wp-content\/uploads\/2016\/11\/pic_0094-300x225.jpg 300w, http:\/\/www.friseurstudio-raupp.de\/wp\/wp-content\/uploads\/2016\/11\/pic_0094.jpg 800w\" sizes=\"auto, (max-width: 300px) 100vw, 300px\" \/><\/a><\/p>\n<p style=\"text-align: center;\"><a href=\"http:\/\/www.friseurstudio-raupp.de\/wp\/wp-content\/uploads\/2016\/11\/pic_0095.jpg\" rel=\"lightbox[699]\"><img loading=\"lazy\" decoding=\"async\" class=\"aligncenter size-medium wp-image-688\" src=\"http:\/\/www.friseurstudio-raupp.de\/wp\/wp-content\/uploads\/2016\/11\/pic_0095-300x225.jpg\" alt=\"\" width=\"300\" height=\"225\" srcset=\"http:\/\/www.friseurstudio-raupp.de\/wp\/wp-content\/uploads\/2016\/11\/pic_0095-300x225.jpg 300w, http:\/\/www.friseurstudio-raupp.de\/wp\/wp-content\/uploads\/2016\/11\/pic_0095.jpg 800w\" sizes=\"auto, (max-width: 300px) 100vw, 300px\" \/><\/a><\/p>\n<p style=\"text-align: center;\"><a href=\"http:\/\/www.friseurstudio-raupp.de\/wp\/wp-content\/uploads\/2016\/11\/pic_0097.jpg\" rel=\"lightbox[699]\"><img loading=\"lazy\" decoding=\"async\" class=\"aligncenter size-medium wp-image-689\" src=\"http:\/\/www.friseurstudio-raupp.de\/wp\/wp-content\/uploads\/2016\/11\/pic_0097-225x300.jpg\" alt=\"\" width=\"225\" height=\"300\" srcset=\"http:\/\/www.friseurstudio-raupp.de\/wp\/wp-content\/uploads\/2016\/11\/pic_0097-225x300.jpg 225w, http:\/\/www.friseurstudio-raupp.de\/wp\/wp-content\/uploads\/2016\/11\/pic_0097.jpg 600w\" sizes=\"auto, (max-width: 225px) 100vw, 225px\" \/><\/a><\/p>\n<p style=\"text-align: center;\"><a href=\"http:\/\/www.friseurstudio-raupp.de\/wp\/wp-content\/uploads\/2016\/11\/pic_0098.jpg\" rel=\"lightbox[699]\"><img loading=\"lazy\" decoding=\"async\" class=\"aligncenter size-medium wp-image-690\" src=\"http:\/\/www.friseurstudio-raupp.de\/wp\/wp-content\/uploads\/2016\/11\/pic_0098-225x300.jpg\" alt=\"\" width=\"225\" height=\"300\" srcset=\"http:\/\/www.friseurstudio-raupp.de\/wp\/wp-content\/uploads\/2016\/11\/pic_0098-225x300.jpg 225w, http:\/\/www.friseurstudio-raupp.de\/wp\/wp-content\/uploads\/2016\/11\/pic_0098.jpg 600w\" sizes=\"auto, (max-width: 225px) 100vw, 225px\" \/><\/a><\/p>\n<p style=\"text-align: center;\"><a href=\"http:\/\/www.friseurstudio-raupp.de\/wp\/wp-content\/uploads\/2016\/11\/pic_0099.jpg\" rel=\"lightbox[699]\"><img loading=\"lazy\" decoding=\"async\" class=\"aligncenter size-medium wp-image-691\" src=\"http:\/\/www.friseurstudio-raupp.de\/wp\/wp-content\/uploads\/2016\/11\/pic_0099-225x300.jpg\" alt=\"\" width=\"225\" height=\"300\" srcset=\"http:\/\/www.friseurstudio-raupp.de\/wp\/wp-content\/uploads\/2016\/11\/pic_0099-225x300.jpg 225w, http:\/\/www.friseurstudio-raupp.de\/wp\/wp-content\/uploads\/2016\/11\/pic_0099.jpg 600w\" sizes=\"auto, (max-width: 225px) 100vw, 225px\" \/><\/a><\/p>\n<p style=\"text-align: center;\"><a href=\"http:\/\/www.friseurstudio-raupp.de\/wp\/wp-content\/uploads\/2016\/11\/pic_0100.jpg\" rel=\"lightbox[699]\"><img loading=\"lazy\" decoding=\"async\" class=\"aligncenter size-medium wp-image-692\" src=\"http:\/\/www.friseurstudio-raupp.de\/wp\/wp-content\/uploads\/2016\/11\/pic_0100-300x225.jpg\" alt=\"\" width=\"300\" height=\"225\" srcset=\"http:\/\/www.friseurstudio-raupp.de\/wp\/wp-content\/uploads\/2016\/11\/pic_0100-300x225.jpg 300w, http:\/\/www.friseurstudio-raupp.de\/wp\/wp-content\/uploads\/2016\/11\/pic_0100.jpg 800w\" sizes=\"auto, (max-width: 300px) 100vw, 300px\" \/><\/a><\/p>\n<p style=\"text-align: center;\"><a href=\"http:\/\/www.friseurstudio-raupp.de\/wp\/wp-content\/uploads\/2016\/11\/pic_0102.jpg\" rel=\"lightbox[699]\"><img loading=\"lazy\" decoding=\"async\" class=\"aligncenter size-medium wp-image-693\" src=\"http:\/\/www.friseurstudio-raupp.de\/wp\/wp-content\/uploads\/2016\/11\/pic_0102-225x300.jpg\" alt=\"\" width=\"225\" height=\"300\" srcset=\"http:\/\/www.friseurstudio-raupp.de\/wp\/wp-content\/uploads\/2016\/11\/pic_0102-225x300.jpg 225w, http:\/\/www.friseurstudio-raupp.de\/wp\/wp-content\/uploads\/2016\/11\/pic_0102.jpg 600w\" sizes=\"auto, (max-width: 225px) 100vw, 225px\" \/><\/a><\/p>\n<p style=\"text-align: center;\"><a href=\"http:\/\/www.friseurstudio-raupp.de\/wp\/wp-content\/uploads\/2016\/11\/pic_0103.jpg\" rel=\"lightbox[699]\"><img loading=\"lazy\" decoding=\"async\" class=\"aligncenter size-medium wp-image-694\" src=\"http:\/\/www.friseurstudio-raupp.de\/wp\/wp-content\/uploads\/2016\/11\/pic_0103-225x300.jpg\" alt=\"\" width=\"225\" height=\"300\" srcset=\"http:\/\/www.friseurstudio-raupp.de\/wp\/wp-content\/uploads\/2016\/11\/pic_0103-225x300.jpg 225w, http:\/\/www.friseurstudio-raupp.de\/wp\/wp-content\/uploads\/2016\/11\/pic_0103.jpg 600w\" sizes=\"auto, (max-width: 225px) 100vw, 225px\" \/><\/a><\/p>\n<p style=\"text-align: center;\"><a href=\"http:\/\/www.friseurstudio-raupp.de\/wp\/wp-content\/uploads\/2016\/11\/pic_0105.jpg\" rel=\"lightbox[699]\"><img loading=\"lazy\" decoding=\"async\" class=\"aligncenter size-medium wp-image-695\" src=\"http:\/\/www.friseurstudio-raupp.de\/wp\/wp-content\/uploads\/2016\/11\/pic_0105-300x225.jpg\" alt=\"\" width=\"300\" height=\"225\" srcset=\"http:\/\/www.friseurstudio-raupp.de\/wp\/wp-content\/uploads\/2016\/11\/pic_0105-300x225.jpg 300w, http:\/\/www.friseurstudio-raupp.de\/wp\/wp-content\/uploads\/2016\/11\/pic_0105.jpg 800w\" sizes=\"auto, (max-width: 300px) 100vw, 300px\" \/><\/a><\/p>\n<p style=\"text-align: center;\"><a href=\"http:\/\/www.friseurstudio-raupp.de\/wp\/wp-content\/uploads\/2016\/11\/pic_0107.jpg\" rel=\"lightbox[699]\"><img loading=\"lazy\" decoding=\"async\" class=\"aligncenter size-medium wp-image-696\" src=\"http:\/\/www.friseurstudio-raupp.de\/wp\/wp-content\/uploads\/2016\/11\/pic_0107-225x300.jpg\" alt=\"\" width=\"225\" height=\"300\" srcset=\"http:\/\/www.friseurstudio-raupp.de\/wp\/wp-content\/uploads\/2016\/11\/pic_0107-225x300.jpg 225w, http:\/\/www.friseurstudio-raupp.de\/wp\/wp-content\/uploads\/2016\/11\/pic_0107.jpg 600w\" sizes=\"auto, (max-width: 225px) 100vw, 225px\" \/><\/a><\/p>\n<p style=\"text-align: center;\"><a href=\"http:\/\/www.friseurstudio-raupp.de\/wp\/wp-content\/uploads\/2016\/11\/pic_0109.jpg\" rel=\"lightbox[699]\"><img loading=\"lazy\" decoding=\"async\" class=\"aligncenter size-medium wp-image-697\" src=\"http:\/\/www.friseurstudio-raupp.de\/wp\/wp-content\/uploads\/2016\/11\/pic_0109-300x225.jpg\" alt=\"\" width=\"300\" height=\"225\" srcset=\"http:\/\/www.friseurstudio-raupp.de\/wp\/wp-content\/uploads\/2016\/11\/pic_0109-300x225.jpg 300w, http:\/\/www.friseurstudio-raupp.de\/wp\/wp-content\/uploads\/2016\/11\/pic_0109.jpg 800w\" sizes=\"auto, (max-width: 300px) 100vw, 300px\" \/><\/a><\/p>\n<p style=\"text-align: center;\"><a href=\"http:\/\/www.friseurstudio-raupp.de\/wp\/wp-content\/uploads\/2016\/11\/pic_0110.jpg\" rel=\"lightbox[699]\"><img loading=\"lazy\" decoding=\"async\" class=\"aligncenter size-medium wp-image-698\" src=\"http:\/\/www.friseurstudio-raupp.de\/wp\/wp-content\/uploads\/2016\/11\/pic_0110-225x300.jpg\" alt=\"\" width=\"225\" height=\"300\" srcset=\"http:\/\/www.friseurstudio-raupp.de\/wp\/wp-content\/uploads\/2016\/11\/pic_0110-225x300.jpg 225w, http:\/\/www.friseurstudio-raupp.de\/wp\/wp-content\/uploads\/2016\/11\/pic_0110.jpg 600w\" sizes=\"auto, (max-width: 225px) 100vw, 225px\" \/><\/a><\/p>\n","protected":false},"excerpt":{"rendered":"<p>An drei Abenden haben wir unsere Kundinnen zu einem Beauty Abend eingeladen. Das Thema rund ums Tages Make-up wurde mit viel Interesse beobachtet. An einem Modell zeigten wir ein komplettes Make-up und durch Hilfe kleiner Tricks und Kniffe war es leicht nachzuarbeiten. Danach schwingten Sie selbst die Pinsel. Bei einem Glas Prosecco und kleinen H\u00e4ppchen [&hellip;]<\/p>\n","protected":false},"author":1,"featured_media":0,"parent":0,"menu_order":0,"comment_status":"closed","ping_status":"closed","template":"","meta":{"footnotes":""},"class_list":["post-699","page","type-page","status-publish","hentry"],"jetpack_sharing_enabled":true,"jetpack_shortlink":"https:\/\/wp.me\/P3pyVL-bh","_links":{"self":[{"href":"http:\/\/www.friseurstudio-raupp.de\/wp\/index.php?rest_route=\/wp\/v2\/pages\/699","targetHints":{"allow":["GET"]}}],"collection":[{"href":"http:\/\/www.friseurstudio-raupp.de\/wp\/index.php?rest_route=\/wp\/v2\/pages"}],"about":[{"href":"http:\/\/www.friseurstudio-raupp.de\/wp\/index.php?rest_route=\/wp\/v2\/types\/page"}],"author":[{"embeddable":true,"href":"http:\/\/www.friseurstudio-raupp.de\/wp\/index.php?rest_route=\/wp\/v2\/users\/1"}],"replies":[{"embeddable":true,"href":"http:\/\/www.friseurstudio-raupp.de\/wp\/index.php?rest_route=%2Fwp%2Fv2%2Fcomments&post=699"}],"version-history":[{"count":3,"href":"http:\/\/www.friseurstudio-raupp.de\/wp\/index.php?rest_route=\/wp\/v2\/pages\/699\/revisions"}],"predecessor-version":[{"id":702,"href":"http:\/\/www.friseurstudio-raupp.de\/wp\/index.php?rest_route=\/wp\/v2\/pages\/699\/revisions\/702"}],"wp:attachment":[{"href":"http:\/\/www.friseurstudio-raupp.de\/wp\/index.php?rest_route=%2Fwp%2Fv2%2Fmedia&parent=699"}],"curies":[{"name":"wp","href":"https:\/\/api.w.org\/{rel}","templated":true}]}}