{"id":305,"date":"2012-02-29T23:30:01","date_gmt":"2012-02-29T21:30:01","guid":{"rendered":"http:\/\/www.friseurstudio-raupp.de\/wp\/?page_id=305"},"modified":"2022-07-20T18:21:20","modified_gmt":"2022-07-20T16:21:20","slug":"alcina-vip-code","status":"publish","type":"page","link":"http:\/\/www.friseurstudio-raupp.de\/wp\/?page_id=305","title":{"rendered":"Alcina VIP-Code"},"content":{"rendered":"<p style=\"text-align: center;\"><a href=\"http:\/\/www.friseurstudio-raupp.de\/wp\/wp-content\/themes\/red-train-2.3\/images\/alcina-prospekt.pdf\"><img loading=\"lazy\" decoding=\"async\" class=\"aligncenter\" style=\"border: 0pt none;\" src=\"http:\/\/www.friseurstudio-raupp.de\/wp\/wp-content\/themes\/red-train-2.3\/images\/alcina.png\" alt=\"Alcina-Prospekt\" width=\"264\" height=\"347\" border=\"0\" \/><\/a><\/p>\n<p style=\"text-align: center;\">klicken Sie auf dieses Bild um das Alcina-Prospekt im PDF-Format zu \u00f6ffnen<\/p>\n<p><strong>In wenigen Schritten sich und anderen die sch\u00f6nste Freude machen.<\/strong><br \/>\n<strong> So einfach geht&#8217;s online:<\/strong><\/p>\n<ol>\n<li>Auf der rechten Seite sehen Sie Ihren pers\u00f6nlichen VIP-Code.<\/li>\n<li>Gehen Sie auf die Website <a href=\"http:\/\/www.alcina.de\" target=\"_blank\" rel=\"noopener\"><strong>www.alcina.de<\/strong><\/a>, klicken auf <strong>&#8222;MYSERVICE&#8220;<\/strong> und dann auf <strong>&#8222;myShop&#8220;<\/strong>. Dort geben Sie den VIP-Code ein und k\u00f6nnen nach Herzenslust bestellen.<\/li>\n<li>Ihr Vorteil: Sie k\u00f6nnen sich bei der Auswahl Zeit lassen und erleben im Internet die ganze Produkt-Palette von Alcina. Schenken Sie Sch\u00f6nheit, einfach, schnell und bequem.<br \/>\nAlcina verschickt auch gern als Geschenk an eine andere Adresse. Daf\u00fcr einfach eine extra Versandanschrift eingeben.<\/li>\n<li>Sie wollen lieber direkt im Friseurstudio-Raupp Alcina Produkte kaufen? Kein Problem &#8211; diese M\u00f6glichkeit bleibt Ihnen nach wie vor.<\/li>\n<\/ol>\n","protected":false},"excerpt":{"rendered":"<p>klicken Sie auf dieses Bild um das Alcina-Prospekt im PDF-Format zu \u00f6ffnen In wenigen Schritten sich und anderen die sch\u00f6nste Freude machen. So einfach geht&#8217;s online: Auf der rechten Seite sehen Sie Ihren pers\u00f6nlichen VIP-Code. Gehen Sie auf die Website www.alcina.de, klicken auf &#8222;MYSERVICE&#8220; und dann auf &#8222;myShop&#8220;. Dort geben Sie den VIP-Code ein und [&hellip;]<\/p>\n","protected":false},"author":1,"featured_media":0,"parent":0,"menu_order":0,"comment_status":"open","ping_status":"open","template":"","meta":{"footnotes":""},"class_list":["post-305","page","type-page","status-publish","hentry"],"jetpack_sharing_enabled":true,"jetpack_shortlink":"https:\/\/wp.me\/P3pyVL-4V","_links":{"self":[{"href":"http:\/\/www.friseurstudio-raupp.de\/wp\/index.php?rest_route=\/wp\/v2\/pages\/305","targetHints":{"allow":["GET"]}}],"collection":[{"href":"http:\/\/www.friseurstudio-raupp.de\/wp\/index.php?rest_route=\/wp\/v2\/pages"}],"about":[{"href":"http:\/\/www.friseurstudio-raupp.de\/wp\/index.php?rest_route=\/wp\/v2\/types\/page"}],"author":[{"embeddable":true,"href":"http:\/\/www.friseurstudio-raupp.de\/wp\/index.php?rest_route=\/wp\/v2\/users\/1"}],"replies":[{"embeddable":true,"href":"http:\/\/www.friseurstudio-raupp.de\/wp\/index.php?rest_route=%2Fwp%2Fv2%2Fcomments&post=305"}],"version-history":[{"count":15,"href":"http:\/\/www.friseurstudio-raupp.de\/wp\/index.php?rest_route=\/wp\/v2\/pages\/305\/revisions"}],"predecessor-version":[{"id":844,"href":"http:\/\/www.friseurstudio-raupp.de\/wp\/index.php?rest_route=\/wp\/v2\/pages\/305\/revisions\/844"}],"wp:attachment":[{"href":"http:\/\/www.friseurstudio-raupp.de\/wp\/index.php?rest_route=%2Fwp%2Fv2%2Fmedia&parent=305"}],"curies":[{"name":"wp","href":"https:\/\/api.w.org\/{rel}","templated":true}]}}